{"id":747,"date":"2025-09-15T13:14:14","date_gmt":"2025-09-15T13:14:14","guid":{"rendered":"https:\/\/cristinaclementedramaturga.com\/bio\/"},"modified":"2026-05-08T08:02:37","modified_gmt":"2026-05-08T08:02:37","slug":"bio","status":"publish","type":"page","link":"https:\/\/cristinaclementedramaturga.com\/ca\/bio\/","title":{"rendered":"Bio"},"content":{"rendered":"\t\t<div data-elementor-type=\"wp-page\" data-elementor-id=\"747\" class=\"elementor elementor-747 elementor-12\" data-elementor-post-type=\"page\">\n\t\t\t\t<main class=\"elementor-element elementor-element-aa994d0 e-flex e-con-boxed e-con e-parent\" data-id=\"aa994d0\" data-element_type=\"container\" data-e-type=\"container\" data-settings=\"{&quot;jet_parallax_layout_list&quot;:[]}\">\n\t\t\t\t\t<div class=\"e-con-inner\">\n\t\t<div class=\"elementor-element elementor-element-e1768f9 e-con-full e-flex e-con e-child\" data-id=\"e1768f9\" data-element_type=\"container\" data-e-type=\"container\" data-settings=\"{&quot;jet_parallax_layout_list&quot;:[]}\">\n\t\t<div class=\"elementor-element elementor-element-bdc6b2a e-con-full e-flex e-con e-child\" data-id=\"bdc6b2a\" data-element_type=\"container\" data-e-type=\"container\" data-settings=\"{&quot;jet_parallax_layout_list&quot;:[],&quot;sticky&quot;:&quot;top&quot;,&quot;sticky_on&quot;:[&quot;desktop&quot;],&quot;sticky_offset&quot;:145,&quot;sticky_parent&quot;:&quot;yes&quot;,&quot;sticky_effects_offset&quot;:0,&quot;sticky_anchor_link_offset&quot;:0}\">\n\t\t\t\t<div class=\"elementor-element elementor-element-2ac410c elementor-widget__width-initial elementor-invisible elementor-widget elementor-widget-image\" data-id=\"2ac410c\" data-element_type=\"widget\" data-e-type=\"widget\" data-settings=\"{&quot;_animation&quot;:&quot;fadeInUp&quot;}\" data-widget_type=\"image.default\">\n\t\t\t\t\t\t\t\t\t\t\t\t\t\t\t<img fetchpriority=\"high\" decoding=\"async\" width=\"2196\" height=\"2323\" src=\"https:\/\/cristinaclementedramaturga.com\/wp-content\/uploads\/2026\/02\/25695F05-718B-4FF8-9D83-5BD82B284A1F_1_201_a.webp\" class=\"attachment-full size-full wp-image-746\" alt=\"\" srcset=\"https:\/\/cristinaclementedramaturga.com\/wp-content\/uploads\/2026\/02\/25695F05-718B-4FF8-9D83-5BD82B284A1F_1_201_a.webp 2196w, https:\/\/cristinaclementedramaturga.com\/wp-content\/uploads\/2026\/02\/25695F05-718B-4FF8-9D83-5BD82B284A1F_1_201_a-284x300.webp 284w, https:\/\/cristinaclementedramaturga.com\/wp-content\/uploads\/2026\/02\/25695F05-718B-4FF8-9D83-5BD82B284A1F_1_201_a-968x1024.webp 968w, https:\/\/cristinaclementedramaturga.com\/wp-content\/uploads\/2026\/02\/25695F05-718B-4FF8-9D83-5BD82B284A1F_1_201_a-768x812.webp 768w, https:\/\/cristinaclementedramaturga.com\/wp-content\/uploads\/2026\/02\/25695F05-718B-4FF8-9D83-5BD82B284A1F_1_201_a-1452x1536.webp 1452w, https:\/\/cristinaclementedramaturga.com\/wp-content\/uploads\/2026\/02\/25695F05-718B-4FF8-9D83-5BD82B284A1F_1_201_a-1936x2048.webp 1936w\" sizes=\"(max-width: 2196px) 100vw, 2196px\" \/>\t\t\t\t\t\t\t\t\t\t\t\t\t\t\t<\/div>\n\t\t\t\t<\/div>\n\t\t\t\t<\/div>\n\t\t<div class=\"elementor-element elementor-element-b10ed7f e-con-full e-flex e-con e-child\" data-id=\"b10ed7f\" data-element_type=\"container\" data-e-type=\"container\" data-settings=\"{&quot;jet_parallax_layout_list&quot;:[]}\">\n\t\t\t\t<div class=\"elementor-element elementor-element-8552dca elementor-invisible elementor-widget elementor-widget-elementskit-heading\" data-id=\"8552dca\" data-element_type=\"widget\" data-e-type=\"widget\" data-settings=\"{&quot;_animation&quot;:&quot;fadeInUp&quot;}\" data-widget_type=\"elementskit-heading.default\">\n\t\t\t\t\t<div class=\"ekit-wid-con\" ><div class=\"ekit-heading elementskit-section-title-wraper text_left   ekit_heading_tablet-   ekit_heading_mobile-\"><p class=\"elementskit-section-subtitle  \">\n\t\t\t\t\t\tqui \u00e9s\n\t\t\t\t\t<\/p><h1 class=\"ekit-heading--title elementskit-section-title \">Cristina Clemente G\u00e1lvez<\/h1>\t\t\t\t<div class='ekit-heading__description'>\n\t\t\t\t\t<p>Nascuda el 1977 a Barcelona. Llicenciada en Direcci\u00f3 i Dramat\u00fargia per l'Institut del Teatre de Barcelona. <\/p>\n\t\t\t\t<\/div>\n\t\t\t<\/div><\/div>\t\t\t\t<\/div>\n\t\t\t\t<div class=\"elementor-element elementor-element-5b1bbfe elementor-invisible elementor-widget elementor-widget-text-editor\" data-id=\"5b1bbfe\" data-element_type=\"widget\" data-e-type=\"widget\" data-settings=\"{&quot;_animation&quot;:&quot;fadeInUp&quot;}\" data-widget_type=\"text-editor.default\">\n\t\t\t\t\t\t\t\t\t<p data-start=\"199\" data-end=\"406\">\u00abM&#8217;interessa el teatre que emociona. M&#8217;agraden els herois quotidians, aquells que no apareixen als llibres d&#8217;hist\u00f2ria, per\u00f2 que, gr\u00e0cies a les seves accions, han contribu\u00eft a la vida dels qui tenen a prop\u00bb.<\/p><p data-start=\"408\" data-end=\"725\">\u00abL&#8217;humor \u00e9s per a mi una eina fonamental. No com a evasi\u00f3, sin\u00f3 com una manera d&#8217;acostar-me a temes complexos i dolorosos sense solemnitat. M&#8217;agrada treballar en aquest territori on el riure i l&#8217;emoci\u00f3 conviuen, on una situaci\u00f3 pot ser divertida i alhora profundament inc\u00f2moda o commovedora\u00bb.<\/p><p data-start=\"727\" data-end=\"1450\">Alguns dels seus textos m\u00e9s destacats s\u00f3n: Volem anar al Tibidabo (Premi Revelaci\u00f3 de la Cr\u00edtica de Barcelona, \u200b\u200b2009), La millor obra del teatre catal\u00e0 (2009), Vimbod\u00ed versus Praga (2010), Niche de radio 2.0 (2011), La nostra Champions particular (2020) (2019), Lap\u00f2nia, coescrita amb Marc Angelet (2019), Dolores, coescrita i codirigida amb Eulalia Carrillo i Sergi Belbel (2019), Una ter\u00e0pia integral, coescrita amb Marc Angelet (2022), La paella de Butaca al Millor Text i Premi al Millor Espectacle coescrita amb Marc Angelet (2025).<\/p><p data-start=\"1452\" data-end=\"1591\">Les seves obres es representen habitualment a Barcelona i Madrid, ia m\u00e9s compta amb m\u00e9s d&#8217;una trentena de produccions a diferents pa\u00efsos.<\/p><p data-start=\"1593\" data-end=\"1905\">En cinema ha coescrit, juntament amb Sergi Belbel, el gui\u00f3 de la pel\u00b7l\u00edcula Eva (nominada Millor Guion als Premis Goya). Tamb\u00e9 \u00e9s autora del gui\u00f3 de Perfect Enemy, basada en la novel\u00b7la Cosm\u00e8tica de l&#8217;enemic d&#8217;Am\u00e9lie Nothomb, i del gui\u00f3 de Lap\u00f2nia, adaptaci\u00f3 cinematogr\u00e0fica de la seva pr\u00f2pia obra teatral.<\/p><p data-start=\"1907\" data-end=\"2141\">A la televisi\u00f3 ha treballat com a guionista a <em data-start=\"1952\" data-end=\"1973\">El cor de la ciutat<\/em> (TV3), <em data-start=\"1981\" data-end=\"1996\">Sin identidad<\/em> (Antena 3), <em data-start=\"2009\" data-end=\"2019\">La Riera<\/em> (TV3), <em data-start=\"2027\" data-end=\"2055\">Com si no t\u2019hagu\u00e9s conegut<\/em> (TV3) i <em data-start=\"2064\" data-end=\"2081\">Les de l\u2019Hoquei<\/em> (TV3). Actualment \u00e9s guionista de <em data-start=\"2117\" data-end=\"2134\">Com si fos ahir<\/em> (TV3).<\/p>\t\t\t\t\t\t\t\t<\/div>\n\t\t\t\t<\/div>\n\t\t\t\t\t<\/div>\n\t\t\t\t<\/main>\n\t\t\t\t<\/div>\n\t\t","protected":false},"excerpt":{"rendered":"<p>qui \u00e9s Cristina Clemente G\u00e1lvez Nascuda el 1977 a Barcelona. Llicenciada en Direcci\u00f3 i Dramat\u00fargia per l&#8217;Institut del Teatre de [&hellip;]<\/p>\n","protected":false},"author":1,"featured_media":0,"parent":0,"menu_order":0,"comment_status":"closed","ping_status":"closed","template":"elementor_header_footer","meta":{"site-sidebar-layout":"no-sidebar","site-content-layout":"","ast-site-content-layout":"full-width-container","site-content-style":"default","site-sidebar-style":"default","ast-global-header-display":"","ast-banner-title-visibility":"","ast-main-header-display":"","ast-hfb-above-header-display":"","ast-hfb-below-header-display":"","ast-hfb-mobile-header-display":"","site-post-title":"","ast-breadcrumbs-content":"","ast-featured-img":"disabled","footer-sml-layout":"","ast-disable-related-posts":"","theme-transparent-header-meta":"","adv-header-id-meta":"","stick-header-meta":"","header-above-stick-meta":"","header-main-stick-meta":"","header-below-stick-meta":"","astra-migrate-meta-layouts":"default","ast-page-background-enabled":"default","ast-page-background-meta":{"desktop":{"background-color":"var(--ast-global-color-5)","background-image":"","background-repeat":"repeat","background-position":"center center","background-size":"auto","background-attachment":"scroll","background-type":"","background-media":"","overlay-type":"","overlay-color":"","overlay-opacity":"","overlay-gradient":""},"tablet":{"background-color":"","background-image":"","background-repeat":"repeat","background-position":"center center","background-size":"auto","background-attachment":"scroll","background-type":"","background-media":"","overlay-type":"","overlay-color":"","overlay-opacity":"","overlay-gradient":""},"mobile":{"background-color":"","background-image":"","background-repeat":"repeat","background-position":"center center","background-size":"auto","background-attachment":"scroll","background-type":"","background-media":"","overlay-type":"","overlay-color":"","overlay-opacity":"","overlay-gradient":""}},"ast-content-background-meta":{"desktop":{"background-color":"var(--ast-global-color-4)","background-image":"","background-repeat":"repeat","background-position":"center center","background-size":"auto","background-attachment":"scroll","background-type":"","background-media":"","overlay-type":"","overlay-color":"","overlay-opacity":"","overlay-gradient":""},"tablet":{"background-color":"var(--ast-global-color-4)","background-image":"","background-repeat":"repeat","background-position":"center center","background-size":"auto","background-attachment":"scroll","background-type":"","background-media":"","overlay-type":"","overlay-color":"","overlay-opacity":"","overlay-gradient":""},"mobile":{"background-color":"var(--ast-global-color-4)","background-image":"","background-repeat":"repeat","background-position":"center center","background-size":"auto","background-attachment":"scroll","background-type":"","background-media":"","overlay-type":"","overlay-color":"","overlay-opacity":"","overlay-gradient":""}},"footnotes":""},"class_list":["post-747","page","type-page","status-publish","hentry"],"_links":{"self":[{"href":"https:\/\/cristinaclementedramaturga.com\/ca\/wp-json\/wp\/v2\/pages\/747","targetHints":{"allow":["GET"]}}],"collection":[{"href":"https:\/\/cristinaclementedramaturga.com\/ca\/wp-json\/wp\/v2\/pages"}],"about":[{"href":"https:\/\/cristinaclementedramaturga.com\/ca\/wp-json\/wp\/v2\/types\/page"}],"author":[{"embeddable":true,"href":"https:\/\/cristinaclementedramaturga.com\/ca\/wp-json\/wp\/v2\/users\/1"}],"replies":[{"embeddable":true,"href":"https:\/\/cristinaclementedramaturga.com\/ca\/wp-json\/wp\/v2\/comments?post=747"}],"version-history":[{"count":1,"href":"https:\/\/cristinaclementedramaturga.com\/ca\/wp-json\/wp\/v2\/pages\/747\/revisions"}],"predecessor-version":[{"id":751,"href":"https:\/\/cristinaclementedramaturga.com\/ca\/wp-json\/wp\/v2\/pages\/747\/revisions\/751"}],"wp:attachment":[{"href":"https:\/\/cristinaclementedramaturga.com\/ca\/wp-json\/wp\/v2\/media?parent=747"}],"curies":[{"name":"wp","href":"https:\/\/api.w.org\/{rel}","templated":true}]}}